{"id":541,"date":"2022-10-10T08:50:40","date_gmt":"2022-10-10T08:50:40","guid":{"rendered":"https:\/\/modafinil.pl\/sklep\/alcar-acetyl-l-carnitine-purity-%e2%89%a5-99-net-weight-1000mg\/"},"modified":"2022-10-10T08:50:40","modified_gmt":"2022-10-10T08:50:40","slug":"acetyl-l-carnitine","status":"publish","type":"product","link":"https:\/\/www.toast.pl\/en\/sklep\/acetyl-l-carnitine\/","title":{"rendered":"ALCAR \/ Acetyl-L-Carnitine &#8211; Purity \u2265 99% net weight 1000mg."},"content":{"rendered":"<h1>ALCAR \/ Acetyl-L-Carnitine \/.<\/h1>\n<h1 id=\"firstHeading\" class=\"firstHeading mw-first-heading\"><span class=\"mw-page-title-main\">Acetylcarnitine \/ ALC<\/span><\/h1>\n<ul>\n<li>\n<h2>Purity of Acetyl-L-Carnitine\u2265 99%<\/h2>\n<\/li>\n<li>\n<h2>Net weight: 1000mg<\/h2>\n<\/li>\n<li>\n<h2>Cas No. : 3040-38-8<\/h2>\n<\/li>\n<li>\n<h2>Molecular Formula: C9H17NO4<\/h2>\n<\/li>\n<li>\n<h2>Molecular weight: 203.236 g-mol-1<\/h2>\n<\/li>\n<li>\n<h2>Form: crystalline substance.<\/h2>\n<\/li>\n<li>\n<h2>Packaging: aluminum, sealed string bag.<\/h2>\n<\/li>\n<\/ul>\n<h2>L-Carnitine has a multitude of uses from improving cognitive function to improving lipid metabolism in the body. To put it bluntly it will burn your fat \ud83d\ude42<\/h2>\n<h3>Get detailed information on Acetyl-L-Carnitine from our comprehensive scientific article:<\/h3>\n<blockquote class=\"wp-embedded-content\" data-secret=\"c4wgDnj0Xm\"><p><a href=\"https:\/\/www.toast.pl\/alcar-lepsza-pamiec-i-ochrona-mozgu\/\">ALCAR &#8211; lepsza pami\u0119\u0107 i ochrona m\u00f3zgu<\/a><\/p><\/blockquote>\n<p><iframe loading=\"lazy\" class=\"wp-embedded-content\" sandbox=\"allow-scripts\" security=\"restricted\" style=\"position: absolute; visibility: hidden;\" title=\"&#8220;ALCAR &#8211; lepsza pami\u0119\u0107 i ochrona m\u00f3zgu&#8221; &#8212; NONSENSIA, Laboratorium.\" src=\"https:\/\/www.toast.pl\/alcar-lepsza-pamiec-i-ochrona-mozgu\/embed\/#?secret=J82mNaMvv9#?secret=c4wgDnj0Xm\" data-secret=\"c4wgDnj0Xm\" width=\"600\" height=\"338\" frameborder=\"0\" marginwidth=\"0\" marginheight=\"0\" scrolling=\"no\"><\/iframe><\/p>\n","protected":false},"excerpt":{"rendered":"<p>ALCAR \/ Acetyl-L-Carnitine \/. Acetylcarnitine \/ ALC Purity of Acetyl-L-Carnitine\u2265 99% Net weight: 1000mg Cas No. : 3040-38-8 Molecular Formula: C9H17NO4 Molecular weight: 203.236 g-mol-1 Form: crystalline substance. Packaging: aluminum, sealed string bag. L-Carnitine has a multitude of uses from improving cognitive function to improving lipid metabolism in the body. To put it bluntly it [&hellip;]<\/p>\n","protected":false},"featured_media":508,"comment_status":"closed","ping_status":"closed","template":"","meta":[],"product_brand":[],"product_cat":[164],"product_tag":[211,218,214,212,216,213,215],"class_list":{"0":"post-541","1":"product","2":"type-product","3":"status-publish","4":"has-post-thumbnail","6":"product_cat-uncategorized-en","7":"product_tag-acetyl-l-carnitine","8":"product_tag-acetylcarnitine-en","9":"product_tag-alc-en","10":"product_tag-alcar-en","11":"product_tag-carnitine-en","12":"product_tag-cas-number-3040-38-8-en","13":"product_tag-l-carnitine-en","15":"first","16":"instock","17":"shipping-taxable","18":"purchasable","19":"product-type-simple"},"aioseo_notices":[],"_links":{"self":[{"href":"https:\/\/www.toast.pl\/en\/wp-json\/wp\/v2\/product\/541","targetHints":{"allow":["GET"]}}],"collection":[{"href":"https:\/\/www.toast.pl\/en\/wp-json\/wp\/v2\/product"}],"about":[{"href":"https:\/\/www.toast.pl\/en\/wp-json\/wp\/v2\/types\/product"}],"replies":[{"embeddable":true,"href":"https:\/\/www.toast.pl\/en\/wp-json\/wp\/v2\/comments?post=541"}],"wp:featuredmedia":[{"embeddable":true,"href":"https:\/\/www.toast.pl\/en\/wp-json\/wp\/v2\/media\/508"}],"wp:attachment":[{"href":"https:\/\/www.toast.pl\/en\/wp-json\/wp\/v2\/media?parent=541"}],"wp:term":[{"taxonomy":"product_brand","embeddable":true,"href":"https:\/\/www.toast.pl\/en\/wp-json\/wp\/v2\/product_brand?post=541"},{"taxonomy":"product_cat","embeddable":true,"href":"https:\/\/www.toast.pl\/en\/wp-json\/wp\/v2\/product_cat?post=541"},{"taxonomy":"product_tag","embeddable":true,"href":"https:\/\/www.toast.pl\/en\/wp-json\/wp\/v2\/product_tag?post=541"}],"curies":[{"name":"wp","href":"https:\/\/api.w.org\/{rel}","templated":true}]}}