{"id":568,"date":"2022-10-25T07:06:53","date_gmt":"2022-10-25T07:06:53","guid":{"rendered":"https:\/\/modafinil.pl\/?post_type=product&#038;p=568"},"modified":"2023-04-19T16:53:53","modified_gmt":"2023-04-19T16:53:53","slug":"hhc-o","status":"publish","type":"product","link":"https:\/\/www.toast.pl\/en\/sklep\/hhc-o\/","title":{"rendered":"HHC-O, 85% zawarto\u015bci HHC-O w 1000mg!"},"content":{"rendered":"<h1>HHC-O<\/h1>\n<ul>\n<li>\n<h2>Czysto\u015b\u0107 HHC-O \u2265 85%<\/h2>\n<\/li>\n<li>\n<h2>Waga netto: 1000mg.<\/h2>\n<\/li>\n<li>\n<h2>Zastosowanie: Produkt do bada\u0144 labolatoryjnych.<\/h2>\n<\/li>\n<li>\n<h2>Uwaga produkt ca\u0142kowicie syntetyczny nie zawiera ani miligrama THC!<\/h2>\n<\/li>\n<li>\n<h2>UWAGA!!! Z powodu zmiany prawa na terenie Rzeczpospolitej Polskiej nie kontynujemy syntezy HHC-O prosimy o nie zamawianie tego produktu. Nie prowadziwmy wi\u0119cej syntezy ani sprzeda\u017cy HHC-O na terenie Rzeczpospolitej Polskiej. Niezmiernie nam przykro, natomiast jest to decyzja podyktowana polskim prawem a nie naszym sentymentem. Je\u017celi zale\u017cy Pa\u0144stwu na kupieniu praw intelektualnych do syntezy HHC-O o czysto\u015bci powy\u017cej 85% prosimy o kontakt mailowy. <em>Podkre\u015blamy sprzedajemy wy\u0142\u0105cznie prawa intelektualne do syntezy.<\/em><\/h2>\n<\/li>\n<\/ul>\n<p>Podstawa prawna:<\/p>\n<p><a href=\"https:\/\/isap.sejm.gov.pl\/isap.nsf\/download.xsp\/WDU20220000763\/O\/D20220763.pdf\">https:\/\/isap.sejm.gov.pl\/isap.nsf\/download.xsp\/WDU20220000763\/O\/D20220763.pdf<\/a><\/p>\n<p>&nbsp;<\/p>\n<p>Poni\u017cej link do artyku\u0142u naukowego odno\u015bnie HHC-O.<\/p>\n<p>Czym jest HHC-O i dlaczego jest trwalszy i mocniejszy od THC 1.5x? Zapoznaj si\u0119 z artyku\u0142em naukowym:<\/p>\n<blockquote class=\"wp-embedded-content\" data-secret=\"qV981actxb\"><p><a href=\"https:\/\/www.toast.pl\/hhc-o-czyli-silniejsza-odslona-hhc\/\">HHC-O, czyli silniejsza ods\u0142ona HHC<\/a><\/p><\/blockquote>\n<p><iframe loading=\"lazy\" class=\"wp-embedded-content\" sandbox=\"allow-scripts\" security=\"restricted\" style=\"position: absolute; visibility: hidden;\" title=\"&#8222;HHC-O, czyli silniejsza ods\u0142ona HHC&#8221; &#8212; NONSENSIA, Laboratorium.\" src=\"https:\/\/www.toast.pl\/hhc-o-czyli-silniejsza-odslona-hhc\/embed\/#?secret=QyKd2xmfSO#?secret=qV981actxb\" data-secret=\"qV981actxb\" width=\"600\" height=\"338\" frameborder=\"0\" marginwidth=\"0\" marginheight=\"0\" scrolling=\"no\"><\/iframe><\/p>\n","protected":false},"excerpt":{"rendered":"<p>1.5 raza mocniejszy od klasycznego THC! Nie wykrywalny na testach narkotykowych!<\/p>\n","protected":false},"featured_media":569,"comment_status":"closed","ping_status":"closed","template":"","meta":[],"product_brand":[],"product_cat":[135],"product_tag":[256,258,257,255],"class_list":{"0":"post-568","1":"product","2":"type-product","3":"status-publish","4":"has-post-thumbnail","6":"product_cat-synthetic","7":"product_tag-hhc-o","8":"product_tag-hhc-o-crystals","9":"product_tag-hhc-o-vape","10":"product_tag-hhco","12":"first","13":"instock","14":"shipping-taxable","15":"purchasable","16":"product-type-simple"},"aioseo_notices":[],"_links":{"self":[{"href":"https:\/\/www.toast.pl\/en\/wp-json\/wp\/v2\/product\/568","targetHints":{"allow":["GET"]}}],"collection":[{"href":"https:\/\/www.toast.pl\/en\/wp-json\/wp\/v2\/product"}],"about":[{"href":"https:\/\/www.toast.pl\/en\/wp-json\/wp\/v2\/types\/product"}],"replies":[{"embeddable":true,"href":"https:\/\/www.toast.pl\/en\/wp-json\/wp\/v2\/comments?post=568"}],"wp:featuredmedia":[{"embeddable":true,"href":"https:\/\/www.toast.pl\/en\/wp-json\/wp\/v2\/media\/569"}],"wp:attachment":[{"href":"https:\/\/www.toast.pl\/en\/wp-json\/wp\/v2\/media?parent=568"}],"wp:term":[{"taxonomy":"product_brand","embeddable":true,"href":"https:\/\/www.toast.pl\/en\/wp-json\/wp\/v2\/product_brand?post=568"},{"taxonomy":"product_cat","embeddable":true,"href":"https:\/\/www.toast.pl\/en\/wp-json\/wp\/v2\/product_cat?post=568"},{"taxonomy":"product_tag","embeddable":true,"href":"https:\/\/www.toast.pl\/en\/wp-json\/wp\/v2\/product_tag?post=568"}],"curies":[{"name":"wp","href":"https:\/\/api.w.org\/{rel}","templated":true}]}}