{"id":575,"date":"2022-10-25T08:34:02","date_gmt":"2022-10-25T08:34:02","guid":{"rendered":"https:\/\/modafinil.pl\/?post_type=product&#038;p=575"},"modified":"2023-03-21T09:52:54","modified_gmt":"2023-03-21T09:52:54","slug":"sildenafil","status":"publish","type":"product","link":"https:\/\/www.toast.pl\/en\/sklep\/sildenafil\/","title":{"rendered":"Sildenafil \/ Cytrynian Sildenafilu \/ VIAGRA \/ Czysto\u015b\u0107 \u2265 99% 1000mg."},"content":{"rendered":"<h1>Cytrynian Sildenafilu<\/h1>\n<p>&nbsp;<\/p>\n<ul>\n<li>\n<h2>Czysto\u015b\u0107 Sildenafilu \u2265 99%<\/h2>\n<\/li>\n<li>\n<h2>Numer CAS: 171599-83-0<\/h2>\n<\/li>\n<li>\n<h2>Wz\u00f3r sumaryczny: C22H30N6O4S<\/h2>\n<\/li>\n<li>\n<h2>Waga netto: 1000mg.<\/h2>\n<\/li>\n<li>\n<h2>Forma: krystaliczny proszek.<\/h2>\n<\/li>\n<li>\n<h2>Pakowanie: Aluminiowe zaplombowane opakowanie strunowe.<\/h2>\n<\/li>\n<li>\n<h2>Zastosowanie: Produkt do bada\u0144 labolatoryjnych.<\/h2>\n<\/li>\n<li>\n<h2>Produkt w 100% syntetyczny wyprodukowany w labolatorium.<\/h2>\n<\/li>\n<\/ul>\n<p>&nbsp;<\/p>\n<p>Wi\u0119cej informacji na temat sildenafilu uzyskasz z obszernego artyku\u0142u naukowego na temat mechanizmu dzia\u0142ania tej moleku\u0142y:<\/p>\n<blockquote class=\"wp-embedded-content\" data-secret=\"hwPKHqTnaM\"><p><a href=\"https:\/\/www.toast.pl\/en\/sildenafil-citrate-how-does-it-support-brain-function\/\">Cytrynian sildenafilu &#8211; w jaki spos\u00f3b wspomaga prac\u0119 m\u00f3zgu?<\/a><\/p><\/blockquote>\n<p><iframe loading=\"lazy\" class=\"wp-embedded-content\" sandbox=\"allow-scripts\" security=\"restricted\" style=\"position: absolute; visibility: hidden;\" title=\"&#8220;Cytrynian sildenafilu &#8211; w jaki spos\u00f3b wspomaga prac\u0119 m\u00f3zgu?&#8221; &#8212; NONSENSIA, Laboratorium.\" src=\"https:\/\/www.toast.pl\/en\/sildenafil-citrate-how-does-it-support-brain-function\/embed\/#?secret=aEwL4NEaOw#?secret=hwPKHqTnaM\" data-secret=\"hwPKHqTnaM\" width=\"600\" height=\"338\" frameborder=\"0\" marginwidth=\"0\" marginheight=\"0\" scrolling=\"no\"><\/iframe><\/p>\n","protected":false},"excerpt":{"rendered":"<p>Sildenafil poprawia potencj\u0119 a ta\u017ce posiada dzia\u0142anie pro-kognitywne.<\/p>\n","protected":false},"featured_media":778,"comment_status":"closed","ping_status":"closed","template":"","meta":[],"product_brand":[],"product_cat":[15],"product_tag":[261,260,259,145],"class_list":{"0":"post-575","1":"product","2":"type-product","3":"status-publish","4":"has-post-thumbnail","6":"product_cat-uncategorized","7":"product_tag-cas-171599-83-0","8":"product_tag-potencja","9":"product_tag-sildenafil","10":"product_tag-viagra","12":"first","13":"instock","14":"shipping-taxable","15":"purchasable","16":"product-type-simple"},"aioseo_notices":[],"_links":{"self":[{"href":"https:\/\/www.toast.pl\/en\/wp-json\/wp\/v2\/product\/575","targetHints":{"allow":["GET"]}}],"collection":[{"href":"https:\/\/www.toast.pl\/en\/wp-json\/wp\/v2\/product"}],"about":[{"href":"https:\/\/www.toast.pl\/en\/wp-json\/wp\/v2\/types\/product"}],"replies":[{"embeddable":true,"href":"https:\/\/www.toast.pl\/en\/wp-json\/wp\/v2\/comments?post=575"}],"wp:featuredmedia":[{"embeddable":true,"href":"https:\/\/www.toast.pl\/en\/wp-json\/wp\/v2\/media\/778"}],"wp:attachment":[{"href":"https:\/\/www.toast.pl\/en\/wp-json\/wp\/v2\/media?parent=575"}],"wp:term":[{"taxonomy":"product_brand","embeddable":true,"href":"https:\/\/www.toast.pl\/en\/wp-json\/wp\/v2\/product_brand?post=575"},{"taxonomy":"product_cat","embeddable":true,"href":"https:\/\/www.toast.pl\/en\/wp-json\/wp\/v2\/product_cat?post=575"},{"taxonomy":"product_tag","embeddable":true,"href":"https:\/\/www.toast.pl\/en\/wp-json\/wp\/v2\/product_tag?post=575"}],"curies":[{"name":"wp","href":"https:\/\/api.w.org\/{rel}","templated":true}]}}